{"id":3821,"date":"2018-02-14T17:26:36","date_gmt":"2018-02-14T16:26:36","guid":{"rendered":"https:\/\/preprod.skynight.com\/jobs\/"},"modified":"2018-04-18T22:05:47","modified_gmt":"2018-04-18T20:05:47","slug":"jobs","status":"publish","type":"page","link":"https:\/\/preprod.skynight.com\/en\/jobs\/","title":{"rendered":"Jobs"},"content":{"rendered":"\n<style type=\"text\/css\" data-created_by=\"avia_inline_auto\" id=\"style-css-av-av_section-4735813ffc967e7e78b4bdf0bad26633\">\n.avia-section.av-av_section-4735813ffc967e7e78b4bdf0bad26633{\nbackground-repeat:no-repeat;\nbackground-image:url(https:\/\/preprod.skynight.com\/wp-content\/uploads\/2017\/12\/skypropos.jpg);\nbackground-position:50% 50%;\nbackground-attachment:scroll;\n}\n.avia-section.av-av_section-4735813ffc967e7e78b4bdf0bad26633 .av-section-color-overlay{\nopacity:0.3;\nbackground-color:#000000;\n}\n<\/style>\n<div id='av_section_1'  class='avia-section av-av_section-4735813ffc967e7e78b4bdf0bad26633 main_color avia-section-default avia-no-shadow  avia-builder-el-0  el_before_av_section  avia-builder-el-first  avia-full-stretch avia-bg-style-scroll av-section-color-overlay-active av-minimum-height av-minimum-height-custom  container_wrap fullsize'  data-section-bg-repeat='stretch' data-av_minimum_height_px='250'><div class=\"av-section-color-overlay-wrap\"><div class=\"av-section-color-overlay\"><\/div><div class='container av-section-cont-open' style='height:250px'><main  role=\"main\" itemprop=\"mainContentOfPage\"  class='template-page content  av-content-full alpha units'><div class='post-entry post-entry-type-page post-entry-3821'><div class='entry-content-wrapper clearfix'>\n\n<style type=\"text\/css\" data-created_by=\"avia_inline_auto\" id=\"style-css-av-av_heading-b2c67eedce8e88c41502f4f82cf12106\">\n#top .av-special-heading.av-av_heading-b2c67eedce8e88c41502f4f82cf12106{\npadding-bottom:10px;\ncolor:#ffffff;\nfont-size:60px;\n}\nbody .av-special-heading.av-av_heading-b2c67eedce8e88c41502f4f82cf12106 .av-special-heading-tag .heading-char{\nfont-size:25px;\n}\n#top #wrap_all .av-special-heading.av-av_heading-b2c67eedce8e88c41502f4f82cf12106 .av-special-heading-tag{\nfont-size:60px;\n}\n.av-special-heading.av-av_heading-b2c67eedce8e88c41502f4f82cf12106 .special-heading-inner-border{\nborder-color:#ffffff;\n}\n.av-special-heading.av-av_heading-b2c67eedce8e88c41502f4f82cf12106 .av-subheading{\nfont-size:15px;\n}\n\n@media only screen and (max-width: 479px){ \n#top #wrap_all .av-special-heading.av-av_heading-b2c67eedce8e88c41502f4f82cf12106 .av-special-heading-tag{\nfont-size:30px;\n}\n}\n\n@media only screen and (min-width: 480px) and (max-width: 767px){ \n#top #wrap_all .av-special-heading.av-av_heading-b2c67eedce8e88c41502f4f82cf12106 .av-special-heading-tag{\nfont-size:0.8em;\n}\n}\n<\/style>\n<div  class='av-special-heading av-av_heading-b2c67eedce8e88c41502f4f82cf12106 av-special-heading-h1 custom-color-heading blockquote modern-quote modern-centered  avia-builder-el-1  avia-builder-el-no-sibling  av-inherit-size'><h1 class='av-special-heading-tag'  itemprop=\"headline\"  >Jobs<\/h1><div class=\"special-heading-border\"><div class=\"special-heading-inner-border\"><\/div><\/div><\/div>\n\n<\/div><\/div><\/main><!-- close content main element --><\/div><\/div><\/div><div id='av_section_2'  class='avia-section av-av_section-f3892e610ee9633c68397830e8f2c661 main_color avia-section-default avia-no-border-styling  avia-builder-el-2  el_after_av_section  el_before_av_one_half  avia-bg-style-scroll container_wrap fullsize'  ><div class='container av-section-cont-open' ><div class='template-page content  av-content-full alpha units'><div class='post-entry post-entry-type-page post-entry-3821'><div class='entry-content-wrapper clearfix'>\n\n<style type=\"text\/css\" data-created_by=\"avia_inline_auto\" id=\"style-css-av-av_heading-0558d81ace50bddd34acf6d35cc6561c\">\n#top .av-special-heading.av-av_heading-0558d81ace50bddd34acf6d35cc6561c{\npadding-bottom:10px;\nfont-size:45px;\n}\nbody .av-special-heading.av-av_heading-0558d81ace50bddd34acf6d35cc6561c .av-special-heading-tag .heading-char{\nfont-size:25px;\n}\n#top #wrap_all .av-special-heading.av-av_heading-0558d81ace50bddd34acf6d35cc6561c .av-special-heading-tag{\nfont-size:45px;\n}\n.av-special-heading.av-av_heading-0558d81ace50bddd34acf6d35cc6561c .av-subheading{\nfont-size:15px;\n}\n\n@media only screen and (min-width: 480px) and (max-width: 767px){ \n#top #wrap_all .av-special-heading.av-av_heading-0558d81ace50bddd34acf6d35cc6561c .av-special-heading-tag{\nfont-size:0.8em;\n}\n}\n\n@media only screen and (max-width: 479px){ \n#top #wrap_all .av-special-heading.av-av_heading-0558d81ace50bddd34acf6d35cc6561c .av-special-heading-tag{\nfont-size:0.8em;\n}\n}\n<\/style>\n<div  class='av-special-heading av-av_heading-0558d81ace50bddd34acf6d35cc6561c av-special-heading-h3 blockquote modern-quote modern-centered  avia-builder-el-3  avia-builder-el-no-sibling  av-inherit-size'><h3 class='av-special-heading-tag'  itemprop=\"headline\"  >Join our team!<\/h3><div class=\"special-heading-border\"><div class=\"special-heading-inner-border\"><\/div><\/div><\/div>\n<\/div><\/div><\/div><!-- close content main div --><\/div><\/div><div id='after_section_2'  class='main_color av_default_container_wrap container_wrap fullsize'  ><div class='container av-section-cont-open' ><div class='template-page content  av-content-full alpha units'><div class='post-entry post-entry-type-page post-entry-3821'><div class='entry-content-wrapper clearfix'>\n\n<style type=\"text\/css\" data-created_by=\"avia_inline_auto\" id=\"style-css-av-av_one_half-15d750bd1b332b34c6e70b077ebbccdf\">\n.flex_column.av-av_one_half-15d750bd1b332b34c6e70b077ebbccdf{\n-webkit-border-radius:0px 0px 0px 0px;\n-moz-border-radius:0px 0px 0px 0px;\nborder-radius:0px 0px 0px 0px;\npadding:0px 0px 0px 0px;\n}\n<\/style>\n<div class='flex_column av-av_one_half-15d750bd1b332b34c6e70b077ebbccdf av_one_half  avia-builder-el-4  el_after_av_section  el_before_av_one_half  avia-builder-el-first  first flex_column_div av-zero-column-padding '     ><p>\n<style type=\"text\/css\" data-created_by=\"avia_inline_auto\" id=\"style-css-av-av_heading-e3f161c95f52a11ac44d67e67552df23\">\n#top .av-special-heading.av-av_heading-e3f161c95f52a11ac44d67e67552df23{\npadding-bottom:10px;\nfont-size:30px;\n}\nbody .av-special-heading.av-av_heading-e3f161c95f52a11ac44d67e67552df23 .av-special-heading-tag .heading-char{\nfont-size:25px;\n}\n#top #wrap_all .av-special-heading.av-av_heading-e3f161c95f52a11ac44d67e67552df23 .av-special-heading-tag{\nfont-size:30px;\n}\n.av-special-heading.av-av_heading-e3f161c95f52a11ac44d67e67552df23 .av-subheading{\nfont-size:15px;\n}\n\n@media only screen and (min-width: 480px) and (max-width: 767px){ \n#top #wrap_all .av-special-heading.av-av_heading-e3f161c95f52a11ac44d67e67552df23 .av-special-heading-tag{\nfont-size:0.8em;\n}\n}\n\n@media only screen and (max-width: 479px){ \n#top #wrap_all .av-special-heading.av-av_heading-e3f161c95f52a11ac44d67e67552df23 .av-special-heading-tag{\nfont-size:0.8em;\n}\n}\n<\/style>\n<div  class='av-special-heading av-av_heading-e3f161c95f52a11ac44d67e67552df23 av-special-heading-h3 blockquote modern-quote  avia-builder-el-5  el_before_av_hr  avia-builder-el-first  av-inherit-size'><h3 class='av-special-heading-tag'  itemprop=\"headline\"  >Jobs<\/h3><div class=\"special-heading-border\"><div class=\"special-heading-inner-border\"><\/div><\/div><\/div><br \/>\n\n<style type=\"text\/css\" data-created_by=\"avia_inline_auto\" id=\"style-css-av-av_hr-5d496dfda01f9b4c11df7560646ce4e1\">\n#top .hr.hr-invisible.av-av_hr-5d496dfda01f9b4c11df7560646ce4e1{\nheight:20px;\n}\n<\/style>\n<div  class='hr av-av_hr-5d496dfda01f9b4c11df7560646ce4e1 hr-invisible  avia-builder-el-6  el_after_av_heading  el_before_av_textblock '><span class='hr-inner '><span class=\"hr-inner-style\"><\/span><\/span><\/div><br \/>\n<section  class='av_textblock_section av-av_textblock-2de302bf1aa3cf4c9157dbe6f50ac7eb'  itemscope=\"itemscope\" itemtype=\"https:\/\/schema.org\/CreativeWork\" ><div class='avia_textblock'  itemprop=\"text\" ><p>Are you currently working in or interested in learning about the technical side of event production?<\/p>\n<p>Whether you have a passion for sound, lighting, video or rigging, we are constantly looking for new talent to strengthen our team.\u00a0Contact us via the attached form!<\/p>\n<\/div><\/section><\/p><\/div>\n\n<style type=\"text\/css\" data-created_by=\"avia_inline_auto\" id=\"style-css-av-av_one_half-c8fc129dc35fd1ae2a1e410224d39ea8\">\n.flex_column.av-av_one_half-c8fc129dc35fd1ae2a1e410224d39ea8{\n-webkit-border-radius:0px 0px 0px 0px;\n-moz-border-radius:0px 0px 0px 0px;\nborder-radius:0px 0px 0px 0px;\npadding:0px 0px 0px 0px;\n}\n<\/style>\n<div class='flex_column av-av_one_half-c8fc129dc35fd1ae2a1e410224d39ea8 av_one_half  avia-builder-el-8  el_after_av_one_half  el_before_av_one_full  flex_column_div av-zero-column-padding '     ><form action=\"https:\/\/preprod.skynight.com\/en\/jobs\/\" method=\"post\"  class=\"avia_ajax_form av-form-labels-visible   avia-builder-el-9  avia-builder-el-no-sibling  av-custom-form-color av-dark-form \" data-avia-form-id=\"1\" data-avia-redirect='' ><h3 class=''>Send us an email<\/h3><fieldset><p class='  first_form  form_element form_element_half' id='element_avia_1_1'><label for=\"avia_1_1\">First name <abbr class=\"required\" title=\"required\">*<\/abbr><\/label> <input name=\"avia_1_1\" class=\"text_input is_empty\" type=\"text\" id=\"avia_1_1\" value=\"\" \/><\/p><p class='  form_element form_element_half' id='element_avia_2_1'><label for=\"avia_2_1\">Last name <abbr class=\"required\" title=\"required\">*<\/abbr><\/label> <input name=\"avia_2_1\" class=\"text_input is_empty\" type=\"text\" id=\"avia_2_1\" value=\"\" \/><\/p><p class='  first_form  form_element form_element_half' id='element_avia_3_1'><label for=\"avia_3_1\">Telephone <abbr class=\"required\" title=\"required\">*<\/abbr><\/label> <input name=\"avia_3_1\" class=\"text_input is_empty\" type=\"text\" id=\"avia_3_1\" value=\"\" \/><\/p><p class='  form_element form_element_half' id='element_avia_4_1'><label for=\"avia_4_1\">Email address <abbr class=\"required\" title=\"required\">*<\/abbr><\/label> <input name=\"avia_4_1\" class=\"text_input is_email\" type=\"text\" id=\"avia_4_1\" value=\"\" \/><\/p><p class='  first_form  form_element form_fullwidth' id='element_avia_5_1'><label for=\"avia_5_1\">Subject <abbr class=\"required\" title=\"required\">*<\/abbr><\/label><select  name=\"avia_5_1\" class=\"select is_empty\" id=\"avia_5_1\"><option   value='Stage'>Stage<\/option><option   value='Emploi'>Emploi<\/option><option  selected=\"selected\" value=''><\/option><\/select><\/p><p class='  first_form  form_element form_fullwidth av-last-visible-form-element' id='element_avia_6_1'><label for=\"avia_6_1\" class=\"textare_label hidden textare_label_avia_6_1\">Message <abbr class=\"required\" title=\"required\">*<\/abbr><\/label><textarea  name=\"avia_6_1\" class=\"text_area is_empty\" cols=\"40\" rows=\"7\" id=\"avia_6_1\" ><\/textarea><\/p><p class=\"hidden\"><input type=\"text\" name=\"avia_7_1\" class=\"hidden \" id=\"avia_7_1\" value=\"\" \/><\/p><p class=\"form_element \"><input type=\"hidden\" value=\"1\" name=\"avia_generated_form1\" \/><input type=\"submit\" value=\"Confirm\" class=\"button\"  data-sending-label=\"Sending\"\/><\/p><\/fieldset><\/form><div id=\"ajaxresponse_1\" class=\"ajaxresponse ajaxresponse_1 hidden\"><\/div><\/div>\n<style type=\"text\/css\" data-created_by=\"avia_inline_auto\" id=\"style-css-av-av_one_full-15d750bd1b332b34c6e70b077ebbccdf\">\n.flex_column.av-av_one_full-15d750bd1b332b34c6e70b077ebbccdf{\n-webkit-border-radius:0px 0px 0px 0px;\n-moz-border-radius:0px 0px 0px 0px;\nborder-radius:0px 0px 0px 0px;\npadding:0px 0px 0px 0px;\n}\n<\/style>\n<div class='flex_column av-av_one_full-15d750bd1b332b34c6e70b077ebbccdf av_one_full  avia-builder-el-10  el_after_av_one_half  avia-builder-el-last  first flex_column_div av-zero-column-padding column-top-margin'     ><\/div><\/p>\n","protected":false},"excerpt":{"rendered":"","protected":false},"author":3,"featured_media":0,"parent":0,"menu_order":0,"comment_status":"closed","ping_status":"closed","template":"","meta":{"footnotes":""},"class_list":["post-3821","page","type-page","status-publish","hentry"],"yoast_head":"<!-- This site is optimized with the Yoast SEO plugin v26.3 - https:\/\/yoast.com\/wordpress\/plugins\/seo\/ -->\n<title>Jobs - Skynight - Prestataire Technique Audiovisuel<\/title>\n<meta name=\"robots\" content=\"noindex, follow, max-snippet:-1, max-image-preview:large, max-video-preview:-1\" \/>\n<meta property=\"og:locale\" content=\"en_US\" \/>\n<meta property=\"og:type\" content=\"article\" \/>\n<meta property=\"og:title\" content=\"Jobs - Skynight - Prestataire Technique Audiovisuel\" \/>\n<meta property=\"og:url\" content=\"https:\/\/preprod.skynight.com\/en\/jobs\/\" \/>\n<meta property=\"og:site_name\" content=\"Skynight - Prestataire Technique Audiovisuel\" \/>\n<meta property=\"article:publisher\" content=\"https:\/\/www.facebook.com\/SkynightSA\" \/>\n<meta property=\"article:modified_time\" content=\"2018-04-18T20:05:47+00:00\" \/>\n<meta name=\"twitter:card\" content=\"summary_large_image\" \/>\n<meta name=\"twitter:label1\" content=\"Est. reading time\" \/>\n\t<meta name=\"twitter:data1\" content=\"4 minutes\" \/>\n<script type=\"application\/ld+json\" class=\"yoast-schema-graph\">{\"@context\":\"https:\/\/schema.org\",\"@graph\":[{\"@type\":\"WebPage\",\"@id\":\"https:\/\/preprod.skynight.com\/en\/jobs\/\",\"url\":\"https:\/\/preprod.skynight.com\/en\/jobs\/\",\"name\":\"Jobs - Skynight - Prestataire Technique Audiovisuel\",\"isPartOf\":{\"@id\":\"https:\/\/preprod.skynight.com\/#website\"},\"datePublished\":\"2018-02-14T16:26:36+00:00\",\"dateModified\":\"2018-04-18T20:05:47+00:00\",\"breadcrumb\":{\"@id\":\"https:\/\/preprod.skynight.com\/en\/jobs\/#breadcrumb\"},\"inLanguage\":\"en-US\",\"potentialAction\":[{\"@type\":\"ReadAction\",\"target\":[\"https:\/\/preprod.skynight.com\/en\/jobs\/\"]}]},{\"@type\":\"BreadcrumbList\",\"@id\":\"https:\/\/preprod.skynight.com\/en\/jobs\/#breadcrumb\",\"itemListElement\":[{\"@type\":\"ListItem\",\"position\":1,\"name\":\"Accueil\",\"item\":\"https:\/\/preprod.skynight.com\/en\/\"},{\"@type\":\"ListItem\",\"position\":2,\"name\":\"Jobs\"}]},{\"@type\":\"WebSite\",\"@id\":\"https:\/\/preprod.skynight.com\/#website\",\"url\":\"https:\/\/preprod.skynight.com\/\",\"name\":\"Skynight - Prestataire Technique Audiovisuel\",\"description\":\"Prestataire technique sp\u00e9cialis\u00e9 dans la sonorisation, \u00e9clairage, vid\u00e9o, structure et sc\u00e8ne, Skynight propose des solutions globales pour vos \u00e9v\u00e9nements.\",\"publisher\":{\"@id\":\"https:\/\/preprod.skynight.com\/#organization\"},\"potentialAction\":[{\"@type\":\"SearchAction\",\"target\":{\"@type\":\"EntryPoint\",\"urlTemplate\":\"https:\/\/preprod.skynight.com\/?s={search_term_string}\"},\"query-input\":{\"@type\":\"PropertyValueSpecification\",\"valueRequired\":true,\"valueName\":\"search_term_string\"}}],\"inLanguage\":\"en-US\"},{\"@type\":\"Organization\",\"@id\":\"https:\/\/preprod.skynight.com\/#organization\",\"name\":\"Skynight SA\",\"url\":\"https:\/\/preprod.skynight.com\/\",\"logo\":{\"@type\":\"ImageObject\",\"inLanguage\":\"en-US\",\"@id\":\"https:\/\/preprod.skynight.com\/#\/schema\/logo\/image\/\",\"url\":\"https:\/\/preprod.skynight.com\/wp-content\/uploads\/2018\/01\/logoSkyHD_1.png\",\"contentUrl\":\"https:\/\/preprod.skynight.com\/wp-content\/uploads\/2018\/01\/logoSkyHD_1.png\",\"width\":340,\"height\":156,\"caption\":\"Skynight SA\"},\"image\":{\"@id\":\"https:\/\/preprod.skynight.com\/#\/schema\/logo\/image\/\"},\"sameAs\":[\"https:\/\/www.facebook.com\/SkynightSA\",\"https:\/\/fr.linkedin.com\/company\/skynight-sa\"]}]}<\/script>\n<!-- \/ Yoast SEO plugin. -->","yoast_head_json":{"title":"Jobs - Skynight - Prestataire Technique Audiovisuel","robots":{"index":"noindex","follow":"follow","max-snippet":"max-snippet:-1","max-image-preview":"max-image-preview:large","max-video-preview":"max-video-preview:-1"},"og_locale":"en_US","og_type":"article","og_title":"Jobs - Skynight - Prestataire Technique Audiovisuel","og_url":"https:\/\/preprod.skynight.com\/en\/jobs\/","og_site_name":"Skynight - Prestataire Technique Audiovisuel","article_publisher":"https:\/\/www.facebook.com\/SkynightSA","article_modified_time":"2018-04-18T20:05:47+00:00","twitter_card":"summary_large_image","twitter_misc":{"Est. reading time":"4 minutes"},"schema":{"@context":"https:\/\/schema.org","@graph":[{"@type":"WebPage","@id":"https:\/\/preprod.skynight.com\/en\/jobs\/","url":"https:\/\/preprod.skynight.com\/en\/jobs\/","name":"Jobs - Skynight - Prestataire Technique Audiovisuel","isPartOf":{"@id":"https:\/\/preprod.skynight.com\/#website"},"datePublished":"2018-02-14T16:26:36+00:00","dateModified":"2018-04-18T20:05:47+00:00","breadcrumb":{"@id":"https:\/\/preprod.skynight.com\/en\/jobs\/#breadcrumb"},"inLanguage":"en-US","potentialAction":[{"@type":"ReadAction","target":["https:\/\/preprod.skynight.com\/en\/jobs\/"]}]},{"@type":"BreadcrumbList","@id":"https:\/\/preprod.skynight.com\/en\/jobs\/#breadcrumb","itemListElement":[{"@type":"ListItem","position":1,"name":"Accueil","item":"https:\/\/preprod.skynight.com\/en\/"},{"@type":"ListItem","position":2,"name":"Jobs"}]},{"@type":"WebSite","@id":"https:\/\/preprod.skynight.com\/#website","url":"https:\/\/preprod.skynight.com\/","name":"Skynight - Prestataire Technique Audiovisuel","description":"Prestataire technique sp\u00e9cialis\u00e9 dans la sonorisation, \u00e9clairage, vid\u00e9o, structure et sc\u00e8ne, Skynight propose des solutions globales pour vos \u00e9v\u00e9nements.","publisher":{"@id":"https:\/\/preprod.skynight.com\/#organization"},"potentialAction":[{"@type":"SearchAction","target":{"@type":"EntryPoint","urlTemplate":"https:\/\/preprod.skynight.com\/?s={search_term_string}"},"query-input":{"@type":"PropertyValueSpecification","valueRequired":true,"valueName":"search_term_string"}}],"inLanguage":"en-US"},{"@type":"Organization","@id":"https:\/\/preprod.skynight.com\/#organization","name":"Skynight SA","url":"https:\/\/preprod.skynight.com\/","logo":{"@type":"ImageObject","inLanguage":"en-US","@id":"https:\/\/preprod.skynight.com\/#\/schema\/logo\/image\/","url":"https:\/\/preprod.skynight.com\/wp-content\/uploads\/2018\/01\/logoSkyHD_1.png","contentUrl":"https:\/\/preprod.skynight.com\/wp-content\/uploads\/2018\/01\/logoSkyHD_1.png","width":340,"height":156,"caption":"Skynight SA"},"image":{"@id":"https:\/\/preprod.skynight.com\/#\/schema\/logo\/image\/"},"sameAs":["https:\/\/www.facebook.com\/SkynightSA","https:\/\/fr.linkedin.com\/company\/skynight-sa"]}]}},"_links":{"self":[{"href":"https:\/\/preprod.skynight.com\/en\/wp-json\/wp\/v2\/pages\/3821","targetHints":{"allow":["GET"]}}],"collection":[{"href":"https:\/\/preprod.skynight.com\/en\/wp-json\/wp\/v2\/pages"}],"about":[{"href":"https:\/\/preprod.skynight.com\/en\/wp-json\/wp\/v2\/types\/page"}],"author":[{"embeddable":true,"href":"https:\/\/preprod.skynight.com\/en\/wp-json\/wp\/v2\/users\/3"}],"replies":[{"embeddable":true,"href":"https:\/\/preprod.skynight.com\/en\/wp-json\/wp\/v2\/comments?post=3821"}],"version-history":[{"count":5,"href":"https:\/\/preprod.skynight.com\/en\/wp-json\/wp\/v2\/pages\/3821\/revisions"}],"predecessor-version":[{"id":4703,"href":"https:\/\/preprod.skynight.com\/en\/wp-json\/wp\/v2\/pages\/3821\/revisions\/4703"}],"wp:attachment":[{"href":"https:\/\/preprod.skynight.com\/en\/wp-json\/wp\/v2\/media?parent=3821"}],"curies":[{"name":"wp","href":"https:\/\/api.w.org\/{rel}","templated":true}]}}